{"id":11,"date":"2020-01-04T21:25:00","date_gmt":"2020-01-04T20:25:00","guid":{"rendered":"http:\/\/kobell.de\/home\/?page_id=11"},"modified":"2023-09-01T15:08:03","modified_gmt":"2023-09-01T13:08:03","slug":"kursangebot","status":"publish","type":"page","link":"https:\/\/kobell.de\/home\/kursangebot\/","title":{"rendered":"Kursangebot"},"content":{"rendered":"\n<p>Kursangebot f\u00fcr Anf\u00e4nger &amp; Fortgeschrittene und nun auch f\u00fcr Kinder!!!<\/p>\n\n\n\n<h2>Yoga f\u00fcr Ge\u00fcbte (auch sportliche Einsteiger):<\/h2>\n\n\n\n<p>Jeweils dienstags, 18.30 Uhr<br>Dauer jeweils ca. 60 min<\/p>\n\n\n\n<p>Bei Bedarf bieten wir einen weiteren Kurs um 17.30 Uhr an.<\/p>\n\n\n\n<h2>Kinderkurs:<\/h2>\n\n\n\n<p><strong>Aktuell suchen wir noch Kinder zwischen 6 und 10 Jahre f\u00fcr einen weiteren Kurs. Die Zeiten w\u00e4ren montags von 17.15 bis 18 Uhr. Bei Interesse, bitte melden. <br><\/strong><\/p>\n\n\n\n<h2>Kosten:<\/h2>\n\n\n\n<ul><li>10er-Karte: 95 \u20ac f\u00fcr Mitglieder SV Wettstetten (110 \u20ac f\u00fcr Nichtmitglieder)<\/li><li>Kinderkurs (5 x) 40 \u20ac<\/li><\/ul>\n\n\n\n<h2 class=\"has-vivid-red-color has-text-color\">Hinweis<\/h2>\n\n\n\n<p class=\"has-vivid-red-color has-text-color\">\u00dcber die 10er-Karten sind sie absolut flexibel. Sie k\u00f6nnen  kurzfristig entscheiden, in welche Stunde sie gehen (vorausgesetzt, sie  ist nicht \u00fcberbucht). Au\u00dferdem wird die Karte nur dann entstempelt, wenn  sie tats\u00e4chlich einen Kurs besuchen. Schnupperstunde  jederzeit m\u00f6glich.<br><\/p>\n\n\n\n<h2><\/h2>\n\n\n\n<h3>Ort:<\/h3>\n\n\n\n<p> Fam. Kobell<br> Am Hasel 5c<br> 85139 Wettstetten<\/p>\n\n\n\n<h2>Mitzubringen:<\/h2>\n\n\n\n<p>Getr\u00e4nke, bequeme Kleidung, Handtuch<br><\/p>\n\n\n\n<h2>Yogamatten sind vorhanden!!!<\/h2>\n\n\n\n<p>Bei Interesse: E-Mail an <a href=\"mailto:yoga@kobell.de\">yoga@kobell.de<\/a><\/p>\n","protected":false},"excerpt":{"rendered":"<p>Kursangebot f\u00fcr Anf\u00e4nger &amp; Fortgeschrittene und nun auch f\u00fcr Kinder!!! Yoga f\u00fcr Ge\u00fcbte (auch sportliche Einsteiger): Jeweils dienstags, 18.30 UhrDauer jeweils ca. 60 min Bei Bedarf bieten wir einen weiteren Kurs um 17.30 Uhr an. Kinderkurs: Aktuell suchen wir noch Kinder zwischen 6 und 10 Jahre f\u00fcr einen weiteren Kurs. Die Zeiten w\u00e4ren montags von &hellip; <\/p>\n<p class=\"link-more\"><a href=\"https:\/\/kobell.de\/home\/kursangebot\/\" class=\"more-link\"><span class=\"screen-reader-text\">\u201eKursangebot\u201c<\/span> weiterlesen<\/a><\/p>\n","protected":false},"author":1,"featured_media":0,"parent":0,"menu_order":0,"comment_status":"closed","ping_status":"closed","template":"","meta":[],"_links":{"self":[{"href":"https:\/\/kobell.de\/home\/wp-json\/wp\/v2\/pages\/11"}],"collection":[{"href":"https:\/\/kobell.de\/home\/wp-json\/wp\/v2\/pages"}],"about":[{"href":"https:\/\/kobell.de\/home\/wp-json\/wp\/v2\/types\/page"}],"author":[{"embeddable":true,"href":"https:\/\/kobell.de\/home\/wp-json\/wp\/v2\/users\/1"}],"replies":[{"embeddable":true,"href":"https:\/\/kobell.de\/home\/wp-json\/wp\/v2\/comments?post=11"}],"version-history":[{"count":9,"href":"https:\/\/kobell.de\/home\/wp-json\/wp\/v2\/pages\/11\/revisions"}],"predecessor-version":[{"id":97,"href":"https:\/\/kobell.de\/home\/wp-json\/wp\/v2\/pages\/11\/revisions\/97"}],"wp:attachment":[{"href":"https:\/\/kobell.de\/home\/wp-json\/wp\/v2\/media?parent=11"}],"curies":[{"name":"wp","href":"https:\/\/api.w.org\/{rel}","templated":true}]}}