{"id":17,"date":"2020-01-04T21:27:35","date_gmt":"2020-01-04T20:27:35","guid":{"rendered":"http:\/\/kobell.de\/home\/?page_id=17"},"modified":"2020-01-04T21:27:35","modified_gmt":"2020-01-04T20:27:35","slug":"impressum","status":"publish","type":"page","link":"https:\/\/kobell.de\/home\/impressum\/","title":{"rendered":"Impressum"},"content":{"rendered":"\n<p>Angaben gem\u00e4\u00df \u00a7 5 TMG<\/p>\n\n\n\n<p>Andreas Kobell <br>Am Hasel 5c<br>85139 Wettstetten <br>                      <\/p>\n\n\n\n<p> <strong>Vertreten durch: <\/strong><br>Andreas Kobell<br>                     <\/p>\n\n\n\n<p><strong>Kontakt:<\/strong> <br>Telefon: +49 (0) 172-861 862 0<br>E-Mail: <a href=\"mailto:yoga@kobell.de\">yoga[at]kobell.de<\/a><br><\/p>\n\n\n\n<p><strong>Haftungsausschluss: <\/strong><br><br><strong>Haftung f\u00fcr Inhalte<\/strong><br><br>Die Inhalte unserer Seiten wurden mit gr\u00f6\u00dfter  Sorgfalt erstellt. F\u00fcr die Richtigkeit, Vollst\u00e4ndigkeit und Aktualit\u00e4t  der Inhalte k\u00f6nnen wir jedoch keine Gew\u00e4hr \u00fcbernehmen. Als  Diensteanbieter sind wir gem\u00e4\u00df \u00a7 7 Abs.1 TMG f\u00fcr eigene Inhalte auf  diesen Seiten nach den allgemeinen Gesetzen verantwortlich. Nach \u00a7\u00a7 8  bis 10 TMG sind wir als Diensteanbieter jedoch nicht verpflichtet,  \u00fcbermittelte oder gespeicherte fremde Informationen zu \u00fcberwachen oder  nach Umst\u00e4nden zu forschen, die auf eine rechtswidrige T\u00e4tigkeit  hinweisen. Verpflichtungen zur Entfernung oder Sperrung der Nutzung von  Informationen nach den allgemeinen Gesetzen bleiben hiervon unber\u00fchrt.  Eine diesbez\u00fcgliche Haftung ist jedoch erst ab dem Zeitpunkt der  Kenntnis einer konkreten Rechtsverletzung m\u00f6glich. Bei Bekanntwerden von  entsprechenden Rechtsverletzungen werden wir diese Inhalte umgehend  entfernen.<br><br><strong>Haftung f\u00fcr Links<\/strong><br><br>Unser Angebot enth\u00e4lt Links zu externen Webseiten  Dritter, auf deren Inhalte wir keinen Einfluss haben. Deshalb k\u00f6nnen wir  f\u00fcr diese fremden Inhalte auch keine Gew\u00e4hr \u00fcbernehmen. F\u00fcr die Inhalte  der verlinkten Seiten ist stets der jeweilige Anbieter oder Betreiber  der Seiten verantwortlich. Die verlinkten Seiten wurden zum Zeitpunkt  der Verlinkung auf m\u00f6gliche Rechtsverst\u00f6\u00dfe \u00fcberpr\u00fcft. Rechtswidrige  Inhalte waren zum Zeitpunkt der Verlinkung nicht erkennbar. Eine  permanente inhaltliche Kontrolle der verlinkten Seiten ist jedoch ohne  konkrete Anhaltspunkte einer Rechtsverletzung nicht zumutbar. Bei  Bekanntwerden von Rechtsverletzungen werden wir derartige Links umgehend  entfernen.<br><br><strong>Urheberrecht<\/strong><br><br>Die durch die Seitenbetreiber erstellten Inhalte und  Werke auf diesen Seiten unterliegen dem deutschen Urheberrecht. Die  Vervielf\u00e4ltigung, Bearbeitung, Verbreitung und jede Art der Verwertung  au\u00dferhalb der Grenzen des Urheberrechtes bed\u00fcrfen der schriftlichen  Zustimmung des jeweiligen Autors bzw. Erstellers. Downloads und Kopien  dieser Seite sind nur f\u00fcr den privaten, nicht kommerziellen Gebrauch  gestattet. Soweit die Inhalte auf dieser Seite nicht vom Betreiber  erstellt wurden, werden die Urheberrechte Dritter beachtet. Insbesondere  werden Inhalte Dritter als solche gekennzeichnet. Sollten Sie trotzdem  auf eine Urheberrechtsverletzung aufmerksam werden, bitten wir um einen  entsprechenden Hinweis. Bei Bekanntwerden von Rechtsverletzungen werden  wir derartige Inhalte umgehend entfernen.<br><br><strong>Datenschutz<\/strong><br><br>Die Nutzung unserer Webseite ist in der Regel ohne  Angabe personenbezogener Daten m\u00f6glich. Soweit auf unseren Seiten  personenbezogene Daten (beispielsweise Name, Anschrift oder  eMail-Adressen) erhoben werden, erfolgt dies, soweit m\u00f6glich, stets auf  freiwilliger Basis. Diese Daten werden ohne Ihre ausdr\u00fcckliche  Zustimmung nicht an Dritte weitergegeben. <br>Wir weisen darauf hin, dass die Daten\u00fcbertragung im  Internet (z.B. bei der Kommunikation per E-Mail) Sicherheitsl\u00fccken  aufweisen kann. Ein l\u00fcckenloser Schutz der Daten vor dem Zugriff durch  Dritte ist nicht m\u00f6glich. <br>Der Nutzung von im Rahmen der Impressumspflicht  ver\u00f6ffentlichten Kontaktdaten durch Dritte zur \u00dcbersendung von nicht  ausdr\u00fccklich angeforderter Werbung und Informationsmaterialien wird  hiermit ausdr\u00fccklich widersprochen. Die Betreiber der Seiten behalten  sich ausdr\u00fccklich rechtliche Schritte im Falle der unverlangten  Zusendung von Werbeinformationen, etwa durch Spam-Mails, vor.<br>                     <br>Impressum vom <a href=\"https:\/\/www.impressum-generator.de\">Impressum Generator<\/a> der <a href=\"https:\/\/www.kanzlei-hasselbach.de\/standorte\/bonn\/\">Kanzlei Hasselbach, Bonn<\/a><\/p>\n","protected":false},"excerpt":{"rendered":"<p>Angaben gem\u00e4\u00df \u00a7 5 TMG Andreas Kobell Am Hasel 5c85139 Wettstetten Vertreten durch: Andreas Kobell Kontakt: Telefon: +49 (0) 172-861 862 0E-Mail: yoga[at]kobell.de Haftungsausschluss: Haftung f\u00fcr Inhalte Die Inhalte unserer Seiten wurden mit gr\u00f6\u00dfter Sorgfalt erstellt. F\u00fcr die Richtigkeit, Vollst\u00e4ndigkeit und Aktualit\u00e4t der Inhalte k\u00f6nnen wir jedoch keine Gew\u00e4hr \u00fcbernehmen. Als Diensteanbieter sind wir gem\u00e4\u00df &hellip; <\/p>\n<p class=\"link-more\"><a href=\"https:\/\/kobell.de\/home\/impressum\/\" class=\"more-link\"><span class=\"screen-reader-text\">\u201eImpressum\u201c<\/span> weiterlesen<\/a><\/p>\n","protected":false},"author":1,"featured_media":0,"parent":0,"menu_order":0,"comment_status":"closed","ping_status":"closed","template":"","meta":[],"_links":{"self":[{"href":"https:\/\/kobell.de\/home\/wp-json\/wp\/v2\/pages\/17"}],"collection":[{"href":"https:\/\/kobell.de\/home\/wp-json\/wp\/v2\/pages"}],"about":[{"href":"https:\/\/kobell.de\/home\/wp-json\/wp\/v2\/types\/page"}],"author":[{"embeddable":true,"href":"https:\/\/kobell.de\/home\/wp-json\/wp\/v2\/users\/1"}],"replies":[{"embeddable":true,"href":"https:\/\/kobell.de\/home\/wp-json\/wp\/v2\/comments?post=17"}],"version-history":[{"count":1,"href":"https:\/\/kobell.de\/home\/wp-json\/wp\/v2\/pages\/17\/revisions"}],"predecessor-version":[{"id":18,"href":"https:\/\/kobell.de\/home\/wp-json\/wp\/v2\/pages\/17\/revisions\/18"}],"wp:attachment":[{"href":"https:\/\/kobell.de\/home\/wp-json\/wp\/v2\/media?parent=17"}],"curies":[{"name":"wp","href":"https:\/\/api.w.org\/{rel}","templated":true}]}}