{"id":5,"date":"2020-01-04T21:23:32","date_gmt":"2020-01-04T20:23:32","guid":{"rendered":"http:\/\/kobell.de\/home\/?page_id=5"},"modified":"2022-04-19T20:20:10","modified_gmt":"2022-04-19T18:20:10","slug":"andy","status":"publish","type":"page","link":"https:\/\/kobell.de\/home\/andy\/","title":{"rendered":"Andy"},"content":{"rendered":"\n<p>Ich unterrichte Yoga, das seine Wurzeln im Ashtanga-Yoga hat. \nMeine Stunde ist sehr dynamisch und zielt in Richtung Power-Yoga ab. \nSelbstverst\u00e4ndlich gehe ich dabei auf den individuellen Leistungsstand \nder Gruppe ein, so dass niemand \u00fcberfordert wird.<\/p>\n\n\n\n<p>Besonders Wert lege ich dabei auf die korrekte Aus\u00fcbung der  einzelnen Asanas. Wohlbefinden und Gesundheit stehen immer im  Vordergrund.<\/p>\n\n\n\n<p>Um Abwechslung zu schaffen verwenden wir in meinem Kurs gerne diverse Hilfsmittel, wie Black Rolls, Gurte und Bl\u00f6cke. Und auch der FeedUp-Trainer (\u201eKopfstand-Stuhl\u201c) wird immer wieder in die Stunde eingebaut.<\/p>\n\n\n\n<p>Zu meiner Person:<\/p>\n\n\n\n<p>Ich praktiziere Yoga seit 2006 (nach zwei Wirbels\u00e4ulen OPs!!).<br>Seit 2014 unterrichte ich Yoga f\u00fcr den SV Wettstetten sowie f\u00fcr Polizeiangeh\u00f6rige im Rahmen des  Dienstsports in der AOK und gebe Stunden bei den Gesundheitstagen des  Polizeipr\u00e4sidiums OBB\/Nord. Als Fremdreferent werde ich vom  Fortbildungsinstitut der Bayerischen Polizei f\u00fcr Yogastunden bei  \u00dcbungsleiter- und sonstigen Sportlehrg\u00e4ngen gebucht.<\/p>\n\n\n\n<p>Beim SV Wettstetten habe ich 2008 die Volleyball-Abteilung  ausgebaut, betreue als Abteilungsleiter die Sparte und bin momentan als Jugendtrainer t\u00e4tig.<br><\/p>\n\n\n\n<p>Folgende Lizenzen habe ich beim BLSV erworben:<\/p>\n\n\n\n<ul><li>\u00dcbungsleiter C-Lizenz Breitensport f\u00fcr Erwachsene und \u00c4ltere<\/li><li>C-Trainer Leistungssport Volleyball<\/li><li>Lizenzierter Jugendbetreuer Volleyball<\/li><li>Fitnesstrainer MaxxF<\/li><li>\u00dcbungsleiter B-Lizenz Gesundheit in der Pr\u00e4vention<\/li><li>Zertifizierter Yoga-Trainer<\/li><li>Instructor FeedUp-Trainer<\/li><\/ul>\n\n\n\n<p>Wir geh\u00f6ren zum SV Wettstetten. Eine Mitgliedschaft beim Sportverein ist jedoch nicht erforderlich.<br>Unsere R\u00e4umlichkeit ist vom BLSV genehmigt.<\/p>\n\n\n\n<figure class=\"wp-block-image size-full\"><img loading=\"lazy\" width=\"575\" height=\"1024\" src=\"http:\/\/kobell.de\/wp-content\/uploads\/2020\/01\/andy.jpg\" alt=\"\" class=\"wp-image-35\" srcset=\"https:\/\/kobell.de\/wp-content\/uploads\/2020\/01\/andy.jpg 575w, https:\/\/kobell.de\/wp-content\/uploads\/2020\/01\/andy-168x300.jpg 168w\" sizes=\"(max-width: 575px) 100vw, 575px\" \/><\/figure>\n","protected":false},"excerpt":{"rendered":"<p>Ich unterrichte Yoga, das seine Wurzeln im Ashtanga-Yoga hat. Meine Stunde ist sehr dynamisch und zielt in Richtung Power-Yoga ab. Selbstverst\u00e4ndlich gehe ich dabei auf den individuellen Leistungsstand der Gruppe ein, so dass niemand \u00fcberfordert wird. Besonders Wert lege ich dabei auf die korrekte Aus\u00fcbung der einzelnen Asanas. Wohlbefinden und Gesundheit stehen immer im Vordergrund. &hellip; <\/p>\n<p class=\"link-more\"><a href=\"https:\/\/kobell.de\/home\/andy\/\" class=\"more-link\"><span class=\"screen-reader-text\">\u201eAndy\u201c<\/span> weiterlesen<\/a><\/p>\n","protected":false},"author":1,"featured_media":0,"parent":0,"menu_order":0,"comment_status":"closed","ping_status":"closed","template":"","meta":[],"_links":{"self":[{"href":"https:\/\/kobell.de\/home\/wp-json\/wp\/v2\/pages\/5"}],"collection":[{"href":"https:\/\/kobell.de\/home\/wp-json\/wp\/v2\/pages"}],"about":[{"href":"https:\/\/kobell.de\/home\/wp-json\/wp\/v2\/types\/page"}],"author":[{"embeddable":true,"href":"https:\/\/kobell.de\/home\/wp-json\/wp\/v2\/users\/1"}],"replies":[{"embeddable":true,"href":"https:\/\/kobell.de\/home\/wp-json\/wp\/v2\/comments?post=5"}],"version-history":[{"count":3,"href":"https:\/\/kobell.de\/home\/wp-json\/wp\/v2\/pages\/5\/revisions"}],"predecessor-version":[{"id":85,"href":"https:\/\/kobell.de\/home\/wp-json\/wp\/v2\/pages\/5\/revisions\/85"}],"wp:attachment":[{"href":"https:\/\/kobell.de\/home\/wp-json\/wp\/v2\/media?parent=5"}],"curies":[{"name":"wp","href":"https:\/\/api.w.org\/{rel}","templated":true}]}}