{"id":7,"date":"2020-01-04T21:24:02","date_gmt":"2020-01-04T20:24:02","guid":{"rendered":"http:\/\/kobell.de\/home\/?page_id=7"},"modified":"2020-01-05T09:19:34","modified_gmt":"2020-01-05T08:19:34","slug":"nicole","status":"publish","type":"page","link":"https:\/\/kobell.de\/home\/nicole\/","title":{"rendered":"Nicole"},"content":{"rendered":"\n<p>Ich bin die Frau von Andy.<br><\/p>\n\n\n\n<p>Folgende Lizenzen habe ich beim BLSV erworben:<\/p>\n\n\n\n<ul><li>\u00dcbungsleiter C-Lizenz Breitensport f\u00fcr Erwachsene und \u00c4ltere<\/li><li>\u00dcbungsleiter B-Lizenz Gesundheit in der Pr\u00e4vention<\/li><li>Zertifizierter Yoga-Trainer<\/li><\/ul>\n\n\n\n<figure class=\"wp-block-image size-full\"><img loading=\"lazy\" width=\"225\" height=\"300\" src=\"http:\/\/kobell.de\/wp-content\/uploads\/2020\/01\/nicole.jpg\" alt=\"\" class=\"wp-image-38\"\/><\/figure>\n","protected":false},"excerpt":{"rendered":"<p>Ich bin die Frau von Andy. Folgende Lizenzen habe ich beim BLSV erworben: \u00dcbungsleiter C-Lizenz Breitensport f\u00fcr Erwachsene und \u00c4ltere \u00dcbungsleiter B-Lizenz Gesundheit in der Pr\u00e4vention Zertifizierter Yoga-Trainer<\/p>\n","protected":false},"author":1,"featured_media":0,"parent":0,"menu_order":0,"comment_status":"closed","ping_status":"closed","template":"","meta":[],"_links":{"self":[{"href":"https:\/\/kobell.de\/home\/wp-json\/wp\/v2\/pages\/7"}],"collection":[{"href":"https:\/\/kobell.de\/home\/wp-json\/wp\/v2\/pages"}],"about":[{"href":"https:\/\/kobell.de\/home\/wp-json\/wp\/v2\/types\/page"}],"author":[{"embeddable":true,"href":"https:\/\/kobell.de\/home\/wp-json\/wp\/v2\/users\/1"}],"replies":[{"embeddable":true,"href":"https:\/\/kobell.de\/home\/wp-json\/wp\/v2\/comments?post=7"}],"version-history":[{"count":4,"href":"https:\/\/kobell.de\/home\/wp-json\/wp\/v2\/pages\/7\/revisions"}],"predecessor-version":[{"id":79,"href":"https:\/\/kobell.de\/home\/wp-json\/wp\/v2\/pages\/7\/revisions\/79"}],"wp:attachment":[{"href":"https:\/\/kobell.de\/home\/wp-json\/wp\/v2\/media?parent=7"}],"curies":[{"name":"wp","href":"https:\/\/api.w.org\/{rel}","templated":true}]}}